{"id":1686,"date":"2024-09-19T13:42:50","date_gmt":"2024-09-19T13:42:50","guid":{"rendered":"https:\/\/fogaszaticentrum.info\/?page_id=1686"},"modified":"2024-09-19T13:42:51","modified_gmt":"2024-09-19T13:42:51","slug":"adatkezelesi-tajekoztato","status":"publish","type":"page","link":"https:\/\/fogaszaticentrum.info\/de\/adatkezelesi-tajekoztato\/","title":{"rendered":"Adatkezel\u00e9si T\u00e1j\u00e9koztat\u00f3"},"content":{"rendered":"<h2 class=\"wp-block-heading\">1. BEVEZET\u0150<\/h2>\n\n\n\n<p>Sz\u00e1munkra nagyon fontos, hogy betartsuk az aktu\u00e1lisan \u00e9rv\u00e9nyes adatv\u00e9delmi szab\u00e1lyoz\u00e1st \u00e9s t\u00f6rv\u00e9nyeket, \u00edgy az al\u00e1bbiakban r\u00e9szletesen t\u00e1rgyaljuk bemutatjuk a fogaszaticentrum.info oldal adatv\u00e9delemre ir\u00e1nyul\u00f3 l\u00e9p\u00e9seit, \u00e9s az adatgy\u0171jt\u00e9ssel kapcsolatos folyamatait.<\/p>\n\n\n\n<p>Kapcsolati adatok:<\/p>\n\n\n\n<p>E-mail c\u00edm: drsarossi@gmail.com<\/p>\n\n\n\n<h2 class=\"wp-block-heading\">2. MILYEN SZEM\u00c9LYES ADATOKAT KEZEL\u00dcNK, \u00c9S MILYEN OKKAL?<\/h2>\n\n\n\n<p>A szem\u00e9lyes adatok azok, amik egy\u00e9rtelm\u0171en lehet\u0151v\u00e9 teszik egy egy\u00e9n pontos azonos\u00edt\u00e1s\u00e1t.<\/p>\n\n\n\n<p>A\u00a0fogaszaticentrum.info oldalon az al\u00e1bbi szem\u00e9lyes adatokat kezelj\u00fck, a jogalap pontos megjel\u00f6l\u00e9s\u00e9vel:<\/p>\n\n\n\n<p>KOMMUNIK\u00c1CI\u00d3S ADATOK<br>Ide tartozik b\u00e1rmilyen \u00fczenet, amit a weboldalon kereszt\u00fcl, e-mailben, vagy b\u00e1rmilyen kommunik\u00e1ci\u00f3s form\u00e1ban juttatsz el hozz\u00e1nk.<\/p>\n\n\n\n<p>Ezeket az adatokat az\u00e9rt dolgozzuk fel \u00e9s tartjuk meg, hogy fel tudd vel\u00fcnk venni a kapcsolatot.<\/p>\n\n\n\n<p>A jogalapunk ennek a feldolgoz\u00e1s\u00e1ra a felhaszn\u00e1l\u00f3 igazolhat\u00f3 \u00e9rdekl\u0151d\u00e9se a tev\u00e9kenys\u00e9g\u00fcnk fel\u00e9, ami megnyilv\u00e1nul a nek\u00fcnk c\u00edmzett \u00fczenetekben.<\/p>\n\n\n\n<h2 class=\"wp-block-heading\">3. HOGYAN GY\u0170JT\u00dcNK ADATOKAT?<\/h2>\n\n\n\n<p>Szem\u00e9lyes adatokat gy\u0171jthet\u00fcnk olyan m\u00f3don, hogy a felhaszn\u00e1l\u00f3 direkten biztos\u00edtja a sz\u00e1munkra (p\u00e9ld\u00e1ul egy \u00fczenet k\u00fcld\u00e9s\u00e9vel).<\/p>\n\n\n\n<h2 class=\"wp-block-heading\">4. AZ ADATV\u00c9DELEMMEL KAPCSOLATOS GYAKORLATI L\u00c9P\u00c9SINK<\/h2>\n\n\n\n<p>A fogaszaticentrum.info sz\u00e1m\u00e1ra rendk\u00edv\u00fcl fontos a felhaszn\u00e1l\u00f3k adatainak v\u00e9delme, \u00e9s a hat\u00e1lyos szab\u00e1lyoz\u00e1snak val\u00f3 megfelel\u00e9s. Ez\u00e9rt\u00a0az oldalon v\u00e9gzett adatv\u00e9delmi hat\u00e1svizsg\u00e1lat ut\u00e1n list\u00e1t k\u00e9sz\u00edtett\u00fcnk a gy\u0171jt\u00f6tt adatokr\u00f3l, azoknak a sz\u00fcks\u00e9gess\u00e9g\u00e9r\u0151l \u00e9s jogalapj\u00e1r\u00f3l, \u00e9s t\u00f6rv\u00e9nyi megfelel\u0151s\u00e9g\u00e9r\u0151l.<\/p>\n\n\n\n<ul class=\"wp-block-list\">\n<li>Az \u0171rlapokon megadott \u00e9s oldalon keletkez\u0151 adatok v\u00e9delme \u00e9rdek\u00e9ben SSL min\u0151s\u00edt\u00e9st alkalmazunk a teljes weboldalon (Let\u2019s Encrypt Authority X3 certifik\u00e1ci\u00f3)<\/li>\n<\/ul>\n\n\n\n<h2 class=\"wp-block-heading\">5. ADATKEZEL\u00c9S ID\u0150TARTAMA<\/h2>\n\n\n\n<p>A felhaszn\u00e1l\u00f3k adatait mindig csak addig t\u00e1roljuk ameddig az sz\u00fcks\u00e9ges.<\/p>\n\n\n\n<h2 class=\"wp-block-heading\">6, A L\u00c1TOGAT\u00d3 JOGAI<\/h2>\n\n\n\n<p>Az Eur\u00f3pai Uni\u00f3 \u00e1llampolg\u00e1rak\u00e9nt a General Data Protection Regulation (GDPR) elnevez\u00e9s\u0171 t\u00f6rv\u00e9ny a k\u00f6vetkez\u0151 jogokat biztos\u00edtja az oldal felhaszn\u00e1l\u00f3inak:<\/p>\n\n\n\n<p>Hozz\u00e1f\u00e9r\u00e9s a szem\u00e9lyes adatokhoz<\/p>\n\n\n\n<p>Az oldal felhaszn\u00e1l\u00f3inak jog\u00e1ban \u00e1ll k\u00e9rnie egy m\u00e1solatot a\u00a0fogaszaticentrum.info \u00e1ltal t\u00e1rolt szem\u00e9lyes adatokr\u00f3l. A k\u00e9r\u00e9s \u00e1ltal\u00e1nos esetben ingyenesen teljes\u00edt\u00e9sre ker\u00fcl, a k\u00e9rv\u00e9nyez\u00e9s ut\u00e1n 14 napon bel\u00fcl.<\/p>\n\n\n\n<p>Ism\u00e9telt, vissza\u00e9l\u00e9sszer\u0171, indok n\u00e9lk\u00fcli adatk\u00e9rv\u00e9nyez\u00e9s eset\u00e9n a fogaszaticentrum.info egy m\u00e9rs\u00e9kelt \u00f6sszeget sz\u00e1m\u00edthat fel az adatok biztos\u00edt\u00e1s\u00e1ra, \u00e9s tov\u00e1bbi id\u0151re lehet sz\u00fcks\u00e9g az adatok biztos\u00edt\u00e1s\u00e1hoz.<\/p>\n\n\n\n<p>Tov\u00e1bb\u00e1 a fogaszaticentrum.info k\u00e9ri a szem\u00e9lyazonoss\u00e1g bizony\u00edt\u00e1s\u00e1t az adatok kiad\u00e1sa el\u0151tt, megel\u0151zend\u0151 a vissza\u00e9l\u00e9sszer\u0171 haszn\u00e1latot. A szem\u00e9lyes adatok kik\u00e9r\u00e9s\u00e9hez k\u00e9rj\u00fck k\u00fcldj\u00f6n nek\u00fcnk \u00fczenetet.<\/p>\n\n\n\n<p>Magyarorsz\u00e1gon az adatv\u00e9delemmel foglalkoz\u00f3 hivatalos szerv a Nemzeti Adatv\u00e9delmi \u00e9s Inform\u00e1ci\u00f3szabads\u00e1g Hat\u00f3s\u00e1g (NAIH). A felhaszn\u00e1l\u00f3k az adatv\u00e9delemmel kapcsolatos jogaikr\u00f3l a NAIH honlapj\u00e1n t\u00e1j\u00e9koz\u00f3dhatnak b\u0151vebben.<\/p>\n\n\n\n<p>Nemzeti Adatv\u00e9delmi \u00e9s Inform\u00e1ci\u00f3szabads\u00e1g Hat\u00f3s\u00e1g,<br>1125 Budapest, Szil\u00e1gyi Erzs\u00e9bet fasor 22\/C., Levelez\u00e9si c\u00edm: 1530 Budapest, Pf.: 5.,<br>Telefon: 06.1.391.1400,<br>Fax: 06.1.391.1410,<br>E-mail: ugyfelszolgalat@naih.hu<br>Honlap: http:\/\/www.naih.hu<\/p>","protected":false},"excerpt":{"rendered":"<p>1. BEVEZET\u0150 Sz\u00e1munkra nagyon fontos, hogy betartsuk az aktu\u00e1lisan \u00e9rv\u00e9nyes adatv\u00e9delmi szab\u00e1lyoz\u00e1st \u00e9s t\u00f6rv\u00e9nyeket, \u00edgy az al\u00e1bbiakban r\u00e9szletesen t\u00e1rgyaljuk bemutatjuk a fogaszaticentrum.info oldal adatv\u00e9delemre ir\u00e1nyul\u00f3 l\u00e9p\u00e9seit, \u00e9s az adatgy\u0171jt\u00e9ssel kapcsolatos folyamatait. Kapcsolati adatok: E-mail c\u00edm: drsarossi@gmail.com 2. MILYEN SZEM\u00c9LYES ADATOKAT KEZEL\u00dcNK, \u00c9S MILYEN OKKAL? A szem\u00e9lyes adatok azok, amik egy\u00e9rtelm\u0171en lehet\u0151v\u00e9 teszik egy egy\u00e9n pontos [&hellip;]<\/p>\n","protected":false},"author":3,"featured_media":0,"parent":0,"menu_order":0,"comment_status":"closed","ping_status":"closed","template":"","meta":{"footnotes":""},"class_list":["post-1686","page","type-page","status-publish","hentry"],"_links":{"self":[{"href":"https:\/\/fogaszaticentrum.info\/de\/wp-json\/wp\/v2\/pages\/1686","targetHints":{"allow":["GET"]}}],"collection":[{"href":"https:\/\/fogaszaticentrum.info\/de\/wp-json\/wp\/v2\/pages"}],"about":[{"href":"https:\/\/fogaszaticentrum.info\/de\/wp-json\/wp\/v2\/types\/page"}],"author":[{"embeddable":true,"href":"https:\/\/fogaszaticentrum.info\/de\/wp-json\/wp\/v2\/users\/3"}],"replies":[{"embeddable":true,"href":"https:\/\/fogaszaticentrum.info\/de\/wp-json\/wp\/v2\/comments?post=1686"}],"version-history":[{"count":1,"href":"https:\/\/fogaszaticentrum.info\/de\/wp-json\/wp\/v2\/pages\/1686\/revisions"}],"predecessor-version":[{"id":1687,"href":"https:\/\/fogaszaticentrum.info\/de\/wp-json\/wp\/v2\/pages\/1686\/revisions\/1687"}],"wp:attachment":[{"href":"https:\/\/fogaszaticentrum.info\/de\/wp-json\/wp\/v2\/media?parent=1686"}],"curies":[{"name":"wp","href":"https:\/\/api.w.org\/{rel}","templated":true}]}}