{"id":1617,"date":"2024-09-04T19:22:35","date_gmt":"2024-09-04T19:22:35","guid":{"rendered":"https:\/\/fogaszaticentrum.info\/?page_id=1617"},"modified":"2024-09-04T19:25:39","modified_gmt":"2024-09-04T19:25:39","slug":"blog","status":"publish","type":"page","link":"https:\/\/fogaszaticentrum.info\/de\/blog\/","title":{"rendered":"Blog"},"content":{"rendered":"<div data-elementor-type=\"wp-page\" data-elementor-id=\"1617\" class=\"elementor elementor-1617\" data-elementor-post-type=\"page\">\n\t\t\t\t\t\t<section class=\"elementor-section elementor-top-section elementor-element elementor-element-7ca505fc elementor-section-height-full elementor-hidden-tablet elementor-hidden-phone elementor-section-boxed elementor-section-height-default elementor-section-items-middle\" data-id=\"7ca505fc\" data-element_type=\"section\" data-e-type=\"section\" data-settings=\"{&quot;background_background&quot;:&quot;video&quot;,&quot;background_video_link&quot;:&quot;https:\\\/\\\/fogaszaticentrum.info\\\/wp-content\\\/uploads\\\/2021\\\/08\\\/dr_sarossi.mp4&quot;,&quot;background_video_start&quot;:0}\">\n\t\t\t\t\t\t\t\t<div class=\"elementor-background-video-container elementor-hidden-mobile\">\n\t\t\t\t\t\t\t\t\t\t\t\t\t<video class=\"elementor-background-video-hosted\" role=\"presentation\" autoplay muted playsinline loop><\/video>\n\t\t\t\t\t\t\t\t\t\t\t<\/div>\n\t\t\t\t\t\t\t\t\t<div class=\"elementor-background-overlay\"><\/div>\n\t\t\t\t\t\t\t<div class=\"elementor-container elementor-column-gap-default\">\n\t\t\t\t\t<div class=\"elementor-column elementor-col-100 elementor-top-column elementor-element elementor-element-58a85b6c\" data-id=\"58a85b6c\" data-element_type=\"column\" data-e-type=\"column\">\n\t\t\t<div class=\"elementor-widget-wrap\">\n\t\t\t\t\t\t\t<\/div>\n\t\t<\/div>\n\t\t\t\t\t<\/div>\n\t\t<\/section>\n\t\t\t\t<section class=\"elementor-section elementor-top-section elementor-element elementor-element-7a237f4 elementor-section-boxed elementor-section-height-default elementor-section-height-default\" data-id=\"7a237f4\" data-element_type=\"section\" data-e-type=\"section\">\n\t\t\t\t\t\t<div class=\"elementor-container elementor-column-gap-default\">\n\t\t\t\t\t<div class=\"elementor-column elementor-col-100 elementor-top-column elementor-element elementor-element-1331247\" data-id=\"1331247\" data-element_type=\"column\" data-e-type=\"column\">\n\t\t\t<div class=\"elementor-widget-wrap elementor-element-populated\">\n\t\t\t\t\t\t<div class=\"elementor-element elementor-element-af87399 elementor-widget elementor-widget-spacer\" data-id=\"af87399\" data-element_type=\"widget\" data-e-type=\"widget\" data-widget_type=\"spacer.default\">\n\t\t\t\t<div class=\"elementor-widget-container\">\n\t\t\t\t\t\t\t<div class=\"elementor-spacer\">\n\t\t\t<div class=\"elementor-spacer-inner\"><\/div>\n\t\t<\/div>\n\t\t\t\t\t\t<\/div>\n\t\t\t\t<\/div>\n\t\t\t\t<div class=\"elementor-element elementor-element-e08b8e5 elementor-widget elementor-widget-heading\" data-id=\"e08b8e5\" data-element_type=\"widget\" data-e-type=\"widget\" data-widget_type=\"heading.default\">\n\t\t\t\t<div class=\"elementor-widget-container\">\n\t\t\t\t\t<h2 class=\"elementor-heading-title elementor-size-default\">Nachrichten, Interessantes, Wissenswertes<\/h2>\t\t\t\t<\/div>\n\t\t\t\t<\/div>\n\t\t\t\t<div class=\"elementor-element elementor-element-273fd7d elementor-widget elementor-widget-spacer\" data-id=\"273fd7d\" data-element_type=\"widget\" data-e-type=\"widget\" data-widget_type=\"spacer.default\">\n\t\t\t\t<div class=\"elementor-widget-container\">\n\t\t\t\t\t\t\t<div class=\"elementor-spacer\">\n\t\t\t<div class=\"elementor-spacer-inner\"><\/div>\n\t\t<\/div>\n\t\t\t\t\t\t<\/div>\n\t\t\t\t<\/div>\n\t\t\t\t<div class=\"elementor-element elementor-element-aad222d elementor-grid-3 elementor-grid-tablet-2 elementor-grid-mobile-1 elementor-posts--thumbnail-top elementor-card-shadow-yes elementor-posts__hover-gradient elementor-widget elementor-widget-posts\" data-id=\"aad222d\" data-element_type=\"widget\" data-e-type=\"widget\" data-settings=\"{&quot;cards_columns&quot;:&quot;3&quot;,&quot;cards_columns_tablet&quot;:&quot;2&quot;,&quot;cards_columns_mobile&quot;:&quot;1&quot;,&quot;cards_row_gap&quot;:{&quot;unit&quot;:&quot;px&quot;,&quot;size&quot;:35,&quot;sizes&quot;:[]},&quot;cards_row_gap_tablet&quot;:{&quot;unit&quot;:&quot;px&quot;,&quot;size&quot;:&quot;&quot;,&quot;sizes&quot;:[]},&quot;cards_row_gap_mobile&quot;:{&quot;unit&quot;:&quot;px&quot;,&quot;size&quot;:&quot;&quot;,&quot;sizes&quot;:[]}}\" data-widget_type=\"posts.cards\">\n\t\t\t\t<div class=\"elementor-widget-container\">\n\t\t\t\t\t\t\t<div class=\"elementor-posts-container elementor-posts elementor-posts--skin-cards elementor-grid\" role=\"list\">\n\t\t\t\t<article class=\"elementor-post elementor-grid-item post-1607 post type-post status-publish format-standard has-post-thumbnail hentry category-uncategorized\" role=\"listitem\">\n\t\t\t<div class=\"elementor-post__card\">\n\t\t\t\t<a class=\"elementor-post__thumbnail__link\" href=\"https:\/\/fogaszaticentrum.info\/de\/karos-szenvedelyek-hatasa-a-szajnyalkahartyara-es-a-fogak-esztetikumara\/\" tabindex=\"-1\" ><div class=\"elementor-post__thumbnail\"><img fetchpriority=\"high\" decoding=\"async\" width=\"300\" height=\"200\" src=\"https:\/\/fogaszaticentrum.info\/wp-content\/uploads\/2024\/08\/fogaszat-Tata-Tatabanya2-300x200.jpg\" class=\"attachment-medium size-medium wp-image-1050\" alt=\"\" srcset=\"https:\/\/fogaszaticentrum.info\/wp-content\/uploads\/2024\/08\/fogaszat-Tata-Tatabanya2-300x200.jpg 300w, https:\/\/fogaszaticentrum.info\/wp-content\/uploads\/2024\/08\/fogaszat-Tata-Tatabanya2-768x512.jpg 768w, https:\/\/fogaszaticentrum.info\/wp-content\/uploads\/2024\/08\/fogaszat-Tata-Tatabanya2.jpg 1024w\" sizes=\"(max-width: 300px) 100vw, 300px\" \/><\/div><\/a>\n\t\t\t\t<div class=\"elementor-post__text\">\n\t\t\t\t<h3 class=\"elementor-post__title\">\n\t\t\t<a href=\"https:\/\/fogaszaticentrum.info\/de\/karos-szenvedelyek-hatasa-a-szajnyalkahartyara-es-a-fogak-esztetikumara\/\" >\n\t\t\t\tDie Auswirkungen von sch\u00e4dlichen Gewohnheiten auf die Mundschleimhaut und die Zahn\u00e4sthetik\t\t\t<\/a>\n\t\t<\/h3>\n\t\t\t\t<div class=\"elementor-post__excerpt\">\n\t\t\t<p>Wenn man an sch\u00e4dliche Gewohnheiten denkt, fallen einem normalerweise Drogen und Alkohol ein, aber in Wirklichkeit beginnt es schon beim Zucker. Zucker, zuckerhaltige...<\/p>\n\t\t<\/div>\n\t\t\n\t\t<a class=\"elementor-post__read-more\" href=\"https:\/\/fogaszaticentrum.info\/de\/karos-szenvedelyek-hatasa-a-szajnyalkahartyara-es-a-fogak-esztetikumara\/\" aria-label=\"Read more about K\u00e1ros szenved\u00e9lyek hat\u00e1sa a sz\u00e1jny\u00e1lkah\u00e1rty\u00e1ra \u00e9s a fogak eszt\u00e9tikum\u00e1ra\" tabindex=\"-1\" >\n\t\t\tWeiterlesen\t\t<\/a>\n\n\t\t\t\t<\/div>\n\t\t\t\t\t<\/div>\n\t\t<\/article>\n\t\t\t\t<article class=\"elementor-post elementor-grid-item post-1603 post type-post status-publish format-standard has-post-thumbnail hentry category-uncategorized\" role=\"listitem\">\n\t\t\t<div class=\"elementor-post__card\">\n\t\t\t\t<a class=\"elementor-post__thumbnail__link\" href=\"https:\/\/fogaszaticentrum.info\/de\/dronnal-szkennelt-tajtol-a-szajuregi-modellezesig\/\" tabindex=\"-1\" ><div class=\"elementor-post__thumbnail\"><img decoding=\"async\" width=\"300\" height=\"169\" src=\"https:\/\/fogaszaticentrum.info\/wp-content\/uploads\/2024\/09\/ez-300x169.jpg\" class=\"attachment-medium size-medium wp-image-1604\" alt=\"\" srcset=\"https:\/\/fogaszaticentrum.info\/wp-content\/uploads\/2024\/09\/ez-300x169.jpg 300w, https:\/\/fogaszaticentrum.info\/wp-content\/uploads\/2024\/09\/ez-1024x576.jpg 1024w, https:\/\/fogaszaticentrum.info\/wp-content\/uploads\/2024\/09\/ez-768x432.jpg 768w, https:\/\/fogaszaticentrum.info\/wp-content\/uploads\/2024\/09\/ez-1536x864.jpg 1536w, https:\/\/fogaszaticentrum.info\/wp-content\/uploads\/2024\/09\/ez.jpg 1600w\" sizes=\"(max-width: 300px) 100vw, 300px\" \/><\/div><\/a>\n\t\t\t\t<div class=\"elementor-post__text\">\n\t\t\t\t<h3 class=\"elementor-post__title\">\n\t\t\t<a href=\"https:\/\/fogaszaticentrum.info\/de\/dronnal-szkennelt-tajtol-a-szajuregi-modellezesig\/\" >\n\t\t\t\t\u201cDr\u00f3nnal szkennelt t\u00e1jt\u00f3l a sz\u00e1j\u00fcregi modellez\u00e9sig\u201d\t\t\t<\/a>\n\t\t<\/h3>\n\t\t\t\t<div class=\"elementor-post__excerpt\">\n\t\t\t<p>\u00dcber eine neue umfassende M\u00f6glichkeit zur Erlangung digitaler Zahnkompetenz. Ein Gespr\u00e4ch mit Dr. Benedek S\u00e1rossi, Gesch\u00e4ftsf\u00fchrer der Dental Visual Communication Kft. und Miteigent\u00fcmer des Zahnzentrums in Tatab\u00e1nya.<\/p>\n\t\t<\/div>\n\t\t\n\t\t<a class=\"elementor-post__read-more\" href=\"https:\/\/fogaszaticentrum.info\/de\/dronnal-szkennelt-tajtol-a-szajuregi-modellezesig\/\" aria-label=\"Read more about \u201cDr\u00f3nnal szkennelt t\u00e1jt\u00f3l a sz\u00e1j\u00fcregi modellez\u00e9sig\u201d\" tabindex=\"-1\" >\n\t\t\tWeiterlesen\t\t<\/a>\n\n\t\t\t\t<\/div>\n\t\t\t\t\t<\/div>\n\t\t<\/article>\n\t\t\t\t<article class=\"elementor-post elementor-grid-item post-1601 post type-post status-publish format-standard has-post-thumbnail hentry category-uncategorized\" role=\"listitem\">\n\t\t\t<div class=\"elementor-post__card\">\n\t\t\t\t<a class=\"elementor-post__thumbnail__link\" href=\"https:\/\/fogaszaticentrum.info\/de\/a-tokeletes-fogazatert-egy-tokeletes-szajhigiene-dukal\/\" tabindex=\"-1\" ><div class=\"elementor-post__thumbnail\"><img decoding=\"async\" width=\"192\" height=\"300\" src=\"https:\/\/fogaszaticentrum.info\/wp-content\/uploads\/2024\/08\/fogorvos-Tata-Tatabanya-2-192x300.jpg\" class=\"attachment-medium size-medium wp-image-1183\" alt=\"\" srcset=\"https:\/\/fogaszaticentrum.info\/wp-content\/uploads\/2024\/08\/fogorvos-Tata-Tatabanya-2-192x300.jpg 192w, https:\/\/fogaszaticentrum.info\/wp-content\/uploads\/2024\/08\/fogorvos-Tata-Tatabanya-2.jpg 656w\" sizes=\"(max-width: 192px) 100vw, 192px\" \/><\/div><\/a>\n\t\t\t\t<div class=\"elementor-post__text\">\n\t\t\t\t<h3 class=\"elementor-post__title\">\n\t\t\t<a href=\"https:\/\/fogaszaticentrum.info\/de\/a-tokeletes-fogazatert-egy-tokeletes-szajhigiene-dukal\/\" >\n\t\t\t\tA t\u00f6k\u00e9letes fogazat\u00e9rt egy t\u00f6k\u00e9letes sz\u00e1jhigi\u00e9n\u00e9 duk\u00e1l.\t\t\t<\/a>\n\t\t<\/h3>\n\t\t\t\t<div class=\"elementor-post__excerpt\">\n\t\t\t<p>Um dies erfolgreich zu erreichen, ist eine perfekte Mundhygiene erforderlich. Es gibt unz\u00e4hlige Hilfsmittel f\u00fcr den t\u00e4glichen Gebrauch, sowohl f\u00fcr Erwachsene als auch f\u00fcr Kinder. Aus der Sicht der Kinder, bereits im S\u00e4uglingsalter...<\/p>\n\t\t<\/div>\n\t\t\n\t\t<a class=\"elementor-post__read-more\" href=\"https:\/\/fogaszaticentrum.info\/de\/a-tokeletes-fogazatert-egy-tokeletes-szajhigiene-dukal\/\" aria-label=\"Read more about A t\u00f6k\u00e9letes fogazat\u00e9rt egy t\u00f6k\u00e9letes sz\u00e1jhigi\u00e9n\u00e9 duk\u00e1l.\" tabindex=\"-1\" >\n\t\t\tWeiterlesen\t\t<\/a>\n\n\t\t\t\t<\/div>\n\t\t\t\t\t<\/div>\n\t\t<\/article>\n\t\t\t\t<article class=\"elementor-post elementor-grid-item post-1599 post type-post status-publish format-standard has-post-thumbnail hentry category-uncategorized\" role=\"listitem\">\n\t\t\t<div class=\"elementor-post__card\">\n\t\t\t\t<a class=\"elementor-post__thumbnail__link\" href=\"https:\/\/fogaszaticentrum.info\/de\/a-kiveheto-potlas-fixen-jo-tud-lenni\/\" tabindex=\"-1\" ><div class=\"elementor-post__thumbnail\"><img loading=\"lazy\" decoding=\"async\" width=\"300\" height=\"200\" src=\"https:\/\/fogaszaticentrum.info\/wp-content\/uploads\/2024\/09\/fogorvos-tata-tatabanya-budapest-27-300x200.jpg\" class=\"attachment-medium size-medium wp-image-1292\" alt=\"\" srcset=\"https:\/\/fogaszaticentrum.info\/wp-content\/uploads\/2024\/09\/fogorvos-tata-tatabanya-budapest-27-300x200.jpg 300w, https:\/\/fogaszaticentrum.info\/wp-content\/uploads\/2024\/09\/fogorvos-tata-tatabanya-budapest-27-768x512.jpg 768w, https:\/\/fogaszaticentrum.info\/wp-content\/uploads\/2024\/09\/fogorvos-tata-tatabanya-budapest-27.jpg 1024w\" sizes=\"(max-width: 300px) 100vw, 300px\" \/><\/div><\/a>\n\t\t\t\t<div class=\"elementor-post__text\">\n\t\t\t\t<h3 class=\"elementor-post__title\">\n\t\t\t<a href=\"https:\/\/fogaszaticentrum.info\/de\/a-kiveheto-potlas-fixen-jo-tud-lenni\/\" >\n\t\t\t\tA kivehet\u0151 p\u00f3tl\u00e1s FIXEN j\u00f3 tud lenni\t\t\t<\/a>\n\t\t<\/h3>\n\t\t\t\t<div class=\"elementor-post__excerpt\">\n\t\t\t<p>Unz\u00e4hlige Menschen haben Angst vor dem Gedanken an Zahnlosigkeit, und viele von uns haben sogar Albtr\u00e4ume dar\u00fcber. Das ist nat\u00fcrlich verst\u00e4ndlich, da man die \u00c4sthetik des Gesichts verliert.<\/p>\n\t\t<\/div>\n\t\t\n\t\t<a class=\"elementor-post__read-more\" href=\"https:\/\/fogaszaticentrum.info\/de\/a-kiveheto-potlas-fixen-jo-tud-lenni\/\" aria-label=\"Read more about A kivehet\u0151 p\u00f3tl\u00e1s FIXEN j\u00f3 tud lenni\" tabindex=\"-1\" >\n\t\t\tWeiterlesen\t\t<\/a>\n\n\t\t\t\t<\/div>\n\t\t\t\t\t<\/div>\n\t\t<\/article>\n\t\t\t\t<article class=\"elementor-post elementor-grid-item post-1609 post type-post status-publish format-standard hentry category-uncategorized\" role=\"listitem\">\n\t\t\t<div class=\"elementor-post__card\">\n\t\t\t\t<div class=\"elementor-post__text\">\n\t\t\t\t<h3 class=\"elementor-post__title\">\n\t\t\t<a href=\"https:\/\/fogaszaticentrum.info\/de\/sin-terapia\/\" >\n\t\t\t\tS\u00cdN TER\u00c1PIA\t\t\t<\/a>\n\t\t<\/h3>\n\t\t\t\t<div class=\"elementor-post__excerpt\">\n\t\t\t<p>Wenige wissen, wie viele verschiedene Ursachen f\u00fcr Kieferschmerzen bestehen k\u00f6nnen, die unter dem Begriff Temporomandibul\u00e4re Dysfunktion (TMD) bekannt sind. Der Grund liegt oft in der zentralen Position des Bisses.<\/p>\n\t\t<\/div>\n\t\t\n\t\t<a class=\"elementor-post__read-more\" href=\"https:\/\/fogaszaticentrum.info\/de\/sin-terapia\/\" aria-label=\"Read more about S\u00cdN TER\u00c1PIA\" tabindex=\"-1\" >\n\t\t\tWeiterlesen\t\t<\/a>\n\n\t\t\t\t<\/div>\n\t\t\t\t\t<\/div>\n\t\t<\/article>\n\t\t\t\t<\/div>\n\t\t\n\t\t\t\t\t\t<\/div>\n\t\t\t\t<\/div>\n\t\t\t\t\t<\/div>\n\t\t<\/div>\n\t\t\t\t\t<\/div>\n\t\t<\/section>\n\t\t\t\t<\/div>","protected":false},"excerpt":{"rendered":"<p>Nachrichten, Interessantes, Wissenswertes<\/p>","protected":false},"author":3,"featured_media":0,"parent":0,"menu_order":0,"comment_status":"closed","ping_status":"closed","template":"","meta":{"footnotes":""},"class_list":["post-1617","page","type-page","status-publish","hentry"],"_links":{"self":[{"href":"https:\/\/fogaszaticentrum.info\/de\/wp-json\/wp\/v2\/pages\/1617","targetHints":{"allow":["GET"]}}],"collection":[{"href":"https:\/\/fogaszaticentrum.info\/de\/wp-json\/wp\/v2\/pages"}],"about":[{"href":"https:\/\/fogaszaticentrum.info\/de\/wp-json\/wp\/v2\/types\/page"}],"author":[{"embeddable":true,"href":"https:\/\/fogaszaticentrum.info\/de\/wp-json\/wp\/v2\/users\/3"}],"replies":[{"embeddable":true,"href":"https:\/\/fogaszaticentrum.info\/de\/wp-json\/wp\/v2\/comments?post=1617"}],"version-history":[{"count":4,"href":"https:\/\/fogaszaticentrum.info\/de\/wp-json\/wp\/v2\/pages\/1617\/revisions"}],"predecessor-version":[{"id":1622,"href":"https:\/\/fogaszaticentrum.info\/de\/wp-json\/wp\/v2\/pages\/1617\/revisions\/1622"}],"wp:attachment":[{"href":"https:\/\/fogaszaticentrum.info\/de\/wp-json\/wp\/v2\/media?parent=1617"}],"curies":[{"name":"wp","href":"https:\/\/api.w.org\/{rel}","templated":true}]}}