{"id":1471,"date":"2024-09-01T14:42:32","date_gmt":"2024-09-01T14:42:32","guid":{"rendered":"https:\/\/fogaszaticentrum.info\/?page_id=1471"},"modified":"2024-09-01T15:18:34","modified_gmt":"2024-09-01T15:18:34","slug":"tamogatas","status":"publish","type":"page","link":"https:\/\/fogaszaticentrum.info\/de\/tamogatas\/","title":{"rendered":"F\u00f6rdermittel"},"content":{"rendered":"<figure class=\"wp-block-image size-full\"><img fetchpriority=\"high\" decoding=\"async\" width=\"800\" height=\"490\" src=\"https:\/\/fogaszaticentrum.info\/wp-content\/uploads\/2024\/09\/tamogatas.png\" alt=\"\" class=\"wp-image-1472\" srcset=\"https:\/\/fogaszaticentrum.info\/wp-content\/uploads\/2024\/09\/tamogatas.png 800w, https:\/\/fogaszaticentrum.info\/wp-content\/uploads\/2024\/09\/tamogatas-300x184.png 300w, https:\/\/fogaszaticentrum.info\/wp-content\/uploads\/2024\/09\/tamogatas-768x470.png 768w\" sizes=\"(max-width: 800px) 100vw, 800px\" \/><\/figure>\n\n\n\n<h3 class=\"wp-block-heading\">A projekt bemutat\u00e1sa<\/h3>\n\n\n\n<h4 class=\"wp-block-heading\">A projekt c\u00e9lja:<\/h4>\n\n\n\n<p>A nagyobb betegforgalom kiszolg\u00e1l\u00e1s\u00e1ra az eddig alkalmazott k\u00fcls\u0151 szolg\u00e1ltat\u00f3k ig\u00e9nybe v\u00e9tele id\u0151g\u00e9nyes \u00e9s nem k\u00f6lts\u00e9ghat\u00e9kony, ez\u00e9rt sz\u00fcks\u00e9gess\u00e9 v\u00e1lt \u00faj g\u00e9pek (Hybrid 5 tengelyes farag\u00f3g\u00e9p, Intraor\u00e1lis sz\u00ednes 3D scanner, 3D labor scanner, Szinter k\u00e1lyha Programat S1 1600 118-240V\/50-60Hz) beszerz\u00e9se \u00e9s telep\u00edt\u00e9se sz\u00e9khely\u00fcnk\u00f6n.<\/p>\n\n\n\n<h4 class=\"wp-block-heading\">A projekt eredm\u00e9nyei:<\/h4>\n\n\n\n<ol class=\"wp-block-list\">\n<li>P\u00e1rhuzamos\u00edt\u00e1s a fog\u00e1szati rendel\u0151ben a digit\u00e1lis lenyomatv\u00e9tel ter\u00fclet\u00e9n: egy intraoral sz\u00ednes szkenner v\u00e1s\u00e1rl\u00e1sa, amellyel t\u00f6bb fog\u00e1szati munk\u00e1t k\u00fcldhet\u00fcnk gy\u00e1rt\u00e1sba.<\/li>\n\n\n\n<li>A fogtechnikai laborat\u00f3riumban asztali szkenner v\u00e1s\u00e1rl\u00e1sa k\u00fcls\u0151 fog\u00e1szati rendel\u0151k munk\u00e1inak digitaliz\u00e1l\u00e1s\u00e1hoz.<\/li>\n\n\n\n<li>A CAM r\u00e9szleg fejleszt\u00e9se \u00faj fogtechnikai CNC berendez\u00e9s beszerz\u00e9se, mely szint\u00e9n a fogp\u00f3tl\u00e1s gy\u00e1rt\u00e1s vagy az \u00fczembiztons\u00e1g n\u00f6vel\u00e9s\u00e9t c\u00e9lozza meg.<\/li>\n\n\n\n<li>A fogtechnikai laborat\u00f3riumban a CNC berendez\u00e9ssel lehet\u0151s\u00e9g ny\u00edlik \u00faj technol\u00f3gia alkalmaz\u00e1s\u00e1ra, m\u00e9gpedig t\u00f6m\u00f6r ker\u00e1mia v\u00edzh\u0171t\u00e9ssel t\u00f6rt\u00e9n\u0151 farag\u00e1s\u00e1ra, amelyet l\u00e1that\u00f3 ter\u00fcleten koron\u00e1k, h\u00e9jak gyors elk\u00e9sz\u00edt\u00e9s\u00e9hez haszn\u00e1lhatunk.<\/li>\n<\/ol>\n\n\n\n<h4 class=\"wp-block-heading\">Tov\u00e1bbi eredm\u00e9nyek:<\/h4>\n\n\n\n<p>C\u00e9g\u00fcnk folyamatosan \u00e9s egyre nagyobb sz\u00e1mban tud betegeket fogadni. Egyel\u0151re m\u00e9g kis sz\u00e1mban, de m\u00e1r k\u00fclf\u00f6ldi p\u00e1cienseknek is k\u00e9sz\u00edt\u00fcnk beavatkoz\u00e1sokat. Jelenleg konzerv\u00e1l\u00f3 fog\u00e1szati, valamint fogp\u00f3tl\u00f3 kezel\u00e9seket v\u00e9gz\u00fcnk. Az eszk\u00f6zbeszerz\u00e9s k\u00f6vetkezt\u00e9ben lehet\u0151s\u00e9g ny\u00edlik kapacit\u00e1sunk n\u00f6vel\u00e9s\u00e9re a hazai \u00e9s a k\u00fclf\u00f6ldi p\u00e1ciensek k\u00f6r\u00e9ben is, illetve b\u00e9rmunka keret\u00e9ben seg\u00edteni tudjuk a k\u00f6rny\u00e9ken l\u00e9v\u0151 sz\u00e1jseb\u00e9szeteket \u00e9s fogorvosi rendel\u0151ket is.<\/p>\n\n\n\n<figure class=\"wp-block-image size-large\"><img decoding=\"async\" width=\"1024\" height=\"576\" src=\"https:\/\/fogaszaticentrum.info\/wp-content\/uploads\/2024\/09\/tamogatas2-1024x576.png\" alt=\"\" class=\"wp-image-1473\" srcset=\"https:\/\/fogaszaticentrum.info\/wp-content\/uploads\/2024\/09\/tamogatas2-1024x576.png 1024w, https:\/\/fogaszaticentrum.info\/wp-content\/uploads\/2024\/09\/tamogatas2-300x169.png 300w, https:\/\/fogaszaticentrum.info\/wp-content\/uploads\/2024\/09\/tamogatas2-768x432.png 768w, https:\/\/fogaszaticentrum.info\/wp-content\/uploads\/2024\/09\/tamogatas2.png 1276w\" sizes=\"(max-width: 1024px) 100vw, 1024px\" \/><\/figure>\n\n\n\n<p>A projekt bemutat\u00e1sa<\/p>\n\n\n\n<h4 class=\"wp-block-heading\">A projekt tartalma:<\/h4>\n\n\n\n<p>A t\u00e1mogat\u00e1s keret\u00e9ben sikeresen ki tudtuk cser\u00e9lni 5 db. fog\u00e1szati kezel\u0151egys\u00e9g\u00fcnket, amelyek m\u00e1r jelent\u0151sen ki voltak haszn\u00e1lva, friss\u00edt\u00e9st ig\u00e9nyeltek. Az \u00faj g\u00e9pparkunknak h\u00e1la m\u00e9g korszer\u0171bb, g\u00f6rd\u00fcl\u00e9kenyebb szolg\u00e1ltat\u00e1st tudunk ny\u00fajtani P\u00e1cienseinknek.<\/p>\n\n\n\n<figure class=\"wp-block-image size-full\"><img decoding=\"async\" width=\"800\" height=\"490\" src=\"https:\/\/fogaszaticentrum.info\/wp-content\/uploads\/2024\/09\/tamogatas3.png\" alt=\"\" class=\"wp-image-1474\" srcset=\"https:\/\/fogaszaticentrum.info\/wp-content\/uploads\/2024\/09\/tamogatas3.png 800w, https:\/\/fogaszaticentrum.info\/wp-content\/uploads\/2024\/09\/tamogatas3-300x184.png 300w, https:\/\/fogaszaticentrum.info\/wp-content\/uploads\/2024\/09\/tamogatas3-768x470.png 768w\" sizes=\"(max-width: 800px) 100vw, 800px\" \/><\/figure>\n\n\n\n<p>A projekt bemutat\u00e1sa<\/p>\n\n\n\n<h4 class=\"wp-block-heading\">A hitelprogram tartalm\u00e1nak r\u00f6vid bemutat\u00e1sa:<\/h4>\n\n\n\n<p>A m\u0171k\u00f6d\u00e9si k\u00f6lts\u00e9geink finansz\u00edroz\u00e1sa ig\u00e9nyelt\u00fck, hogy biztos\u00edtsuk&nbsp;zavartalan likvid \u00fczemel\u00e9s\u00fcnket. Munkab\u00e9r jelleg\u0171 t\u00e1mogat\u00e1st kaptunk.<br><\/p>","protected":false},"excerpt":{"rendered":"<p>A projekt bemutat\u00e1sa A projekt c\u00e9lja: A nagyobb betegforgalom kiszolg\u00e1l\u00e1s\u00e1ra az eddig alkalmazott k\u00fcls\u0151 szolg\u00e1ltat\u00f3k ig\u00e9nybe v\u00e9tele id\u0151g\u00e9nyes \u00e9s nem k\u00f6lts\u00e9ghat\u00e9kony, ez\u00e9rt sz\u00fcks\u00e9gess\u00e9 v\u00e1lt \u00faj g\u00e9pek (Hybrid 5 tengelyes farag\u00f3g\u00e9p, Intraor\u00e1lis sz\u00ednes 3D scanner, 3D labor scanner, Szinter k\u00e1lyha Programat S1 1600 118-240V\/50-60Hz) beszerz\u00e9se \u00e9s telep\u00edt\u00e9se sz\u00e9khely\u00fcnk\u00f6n. A projekt eredm\u00e9nyei: Tov\u00e1bbi eredm\u00e9nyek: C\u00e9g\u00fcnk folyamatosan \u00e9s [&hellip;]<\/p>\n","protected":false},"author":3,"featured_media":0,"parent":0,"menu_order":0,"comment_status":"closed","ping_status":"closed","template":"","meta":{"footnotes":""},"class_list":["post-1471","page","type-page","status-publish","hentry"],"_links":{"self":[{"href":"https:\/\/fogaszaticentrum.info\/de\/wp-json\/wp\/v2\/pages\/1471","targetHints":{"allow":["GET"]}}],"collection":[{"href":"https:\/\/fogaszaticentrum.info\/de\/wp-json\/wp\/v2\/pages"}],"about":[{"href":"https:\/\/fogaszaticentrum.info\/de\/wp-json\/wp\/v2\/types\/page"}],"author":[{"embeddable":true,"href":"https:\/\/fogaszaticentrum.info\/de\/wp-json\/wp\/v2\/users\/3"}],"replies":[{"embeddable":true,"href":"https:\/\/fogaszaticentrum.info\/de\/wp-json\/wp\/v2\/comments?post=1471"}],"version-history":[{"count":2,"href":"https:\/\/fogaszaticentrum.info\/de\/wp-json\/wp\/v2\/pages\/1471\/revisions"}],"predecessor-version":[{"id":1489,"href":"https:\/\/fogaszaticentrum.info\/de\/wp-json\/wp\/v2\/pages\/1471\/revisions\/1489"}],"wp:attachment":[{"href":"https:\/\/fogaszaticentrum.info\/de\/wp-json\/wp\/v2\/media?parent=1471"}],"curies":[{"name":"wp","href":"https:\/\/api.w.org\/{rel}","templated":true}]}}